{"id":4842,"date":"2023-01-02T06:23:41","date_gmt":"2023-01-02T06:23:41","guid":{"rendered":"https:\/\/www.cocinasdiseno.com\/landing-page\/"},"modified":"2024-08-30T12:24:56","modified_gmt":"2024-08-30T12:24:56","slug":"landing-page","status":"publish","type":"page","link":"https:\/\/www.cocinasdiseno.com\/nl\/","title":{"rendered":"Home"},"content":{"rendered":"\n<div class=\"wp-block-harington-gutenberg-container content-row dark-section full\" data-bgcolor=\"#171717\" style=\"text-align:center\">\n<div class=\"wp-block-cover is-light\" style=\"min-height:100vh;aspect-ratio:unset;\"><span aria-hidden=\"true\" class=\"wp-block-cover__background has-background-dim\"><\/span><video class=\"wp-block-cover__video-background intrinsic-ignore\" autoplay muted loop playsinline src=\"https:\/\/www.cocinasdiseno.com\/wp-content\/uploads\/2023\/10\/Cocina-Video-v2.webm\" data-object-fit=\"cover\"><\/video><div class=\"wp-block-cover__inner-container is-layout-constrained wp-block-cover-is-layout-constrained\">\n<p class=\"has-text-align-center has-white-color has-text-color\" style=\"font-size:13px\">PERS\u00d6NLICHE GESTALTUNG VON R\u00c4UMEN UND K\u00dcCHEN<\/p>\n\n\n\n<div class=\"button-wrap large-btn left button-link btn-home-cover\"><div class=\"icon-wrap parallax-wrap\"><div class=\"button-icon parallax-element\"><i class=\"fa-solid fa-arrow-right\"><\/i><\/div><\/div><a target=\"_self\" href=\"https:\/\/www.cocinasdiseno.com\/nl\/projecten\/\"><div class=\"button-text sticky left\"><span data-hover=\"PROJECTEN BEKIJKEN\">PROJECTEN BEKIJKEN<\/span><\/div><\/a><\/div>\n<\/div><\/div>\n<\/div>\n\n\n\n<div class=\"wp-block-harington-gutenberg-container content-row dark-section normal row_padding_top\" data-bgcolor=\"#171717\" style=\"text-align:left\">\n<div class=\"wp-block-columns is-layout-flex wp-container-core-columns-is-layout-9d6595d7 wp-block-columns-is-layout-flex\">\n<div class=\"wp-block-column is-layout-flow wp-block-column-is-layout-flow\">\n<h2 class=\"wp-block-heading\">Sinds 1999<\/h2>\n\n\n\n<p>We hebben een professioneel team dat zich bezighoudt met advies, ontwerp, levering en installatie van timmerwerk: keukens, badkamers, kasten, deuren, vloeren en decoratief timmerwerk.<\/p>\n<\/div>\n\n\n\n<div class=\"wp-block-column is-layout-flow wp-block-column-is-layout-flow\"><\/div>\n<\/div>\n<\/div>\n\n\n\n<div class=\"wp-block-harington-gutenberg-container content-row dark-section normal\" data-bgcolor=\"#171717\" style=\"text-align:left\">\n<div class=\"wp-block-columns is-layout-flex wp-container-core-columns-is-layout-9d6595d7 wp-block-columns-is-layout-flex\">\n<div class=\"wp-block-column is-layout-flow wp-block-column-is-layout-flow\">\n<figure class=\"wp-block-image size-full is-style-default\"><img loading=\"lazy\" decoding=\"async\" width=\"583\" height=\"441\" src=\"https:\/\/www.cocinasdiseno.com\/wp-content\/uploads\/2023\/11\/cocinas.jpg\" alt=\"\" class=\"wp-image-3320\" style=\"aspect-ratio:1.3333333333333333;object-fit:cover\" srcset=\"https:\/\/www.cocinasdiseno.com\/wp-content\/uploads\/2023\/11\/cocinas.jpg 583w, https:\/\/www.cocinasdiseno.com\/wp-content\/uploads\/2023\/11\/cocinas-300x227.jpg 300w\" sizes=\"auto, (max-width: 583px) 100vw, 583px\" \/><\/figure>\n\n\n\n<div class=\"button-wrap small-btn left button-link \"><div class=\"icon-wrap parallax-wrap\"><div class=\"button-icon parallax-element\"><i class=\"fa-solid fa-arrow-right\"><\/i><\/div><\/div><a target=\"_blank\" href=\"https:\/\/www.cocinasdiseno.com\/nl\/projecten\/keukens\/\"><div class=\"button-text sticky left\"><span data-hover=\"Keukens\">Keukens<\/span><\/div><\/a><\/div>\n<\/div>\n\n\n\n<div class=\"wp-block-column is-layout-flow wp-block-column-is-layout-flow\">\n<figure class=\"wp-block-image size-full\"><img loading=\"lazy\" decoding=\"async\" width=\"583\" height=\"441\" src=\"https:\/\/www.cocinasdiseno.com\/wp-content\/uploads\/2023\/11\/aseos1.jpg\" alt=\"\" class=\"wp-image-3317\" style=\"aspect-ratio:1.3333333333333333;object-fit:cover\" srcset=\"https:\/\/www.cocinasdiseno.com\/wp-content\/uploads\/2023\/11\/aseos1.jpg 583w, https:\/\/www.cocinasdiseno.com\/wp-content\/uploads\/2023\/11\/aseos1-300x227.jpg 300w\" sizes=\"auto, (max-width: 583px) 100vw, 583px\" \/><\/figure>\n\n\n\n<div class=\"button-wrap small-btn left button-link \"><div class=\"icon-wrap parallax-wrap\"><div class=\"button-icon parallax-element\"><i class=\"fa-solid fa-arrow-right\"><\/i><\/div><\/div><a target=\"_blank\" href=\"https:\/\/www.cocinasdiseno.com\/nl\/projecten\/toiletten\/\"><div class=\"button-text sticky left\"><span data-hover=\"Toiletten\">Toiletten<\/span><\/div><\/a><\/div>\n<\/div>\n<\/div>\n<\/div>\n\n\n\n<div class=\"wp-block-harington-gutenberg-container content-row dark-section normal row_padding_bottom\" data-bgcolor=\"#171717\" style=\"text-align:left\">\n<div class=\"wp-block-columns is-layout-flex wp-container-core-columns-is-layout-9d6595d7 wp-block-columns-is-layout-flex\">\n<div class=\"wp-block-column is-layout-flow wp-block-column-is-layout-flow\">\n<figure class=\"wp-block-image size-full is-style-default\"><img loading=\"lazy\" decoding=\"async\" width=\"583\" height=\"441\" src=\"https:\/\/www.cocinasdiseno.com\/wp-content\/uploads\/2023\/11\/Reformaintegral.jpg\" alt=\"\" class=\"wp-image-3322\" style=\"aspect-ratio:1.3333333333333333;object-fit:cover\" srcset=\"https:\/\/www.cocinasdiseno.com\/wp-content\/uploads\/2023\/11\/Reformaintegral.jpg 583w, https:\/\/www.cocinasdiseno.com\/wp-content\/uploads\/2023\/11\/Reformaintegral-300x227.jpg 300w\" sizes=\"auto, (max-width: 583px) 100vw, 583px\" \/><\/figure>\n\n\n\n<div class=\"button-wrap small-btn left button-link \"><div class=\"icon-wrap parallax-wrap\"><div class=\"button-icon parallax-element\"><i class=\"fa-solid fa-arrow-right\"><\/i><\/div><\/div><a target=\"_blank\" href=\"https:\/\/www.cocinasdiseno.com\/nl\/projecten\/timmerwerk\/\"><div class=\"button-text sticky left\"><span data-hover=\"Timmerwerk\">Timmerwerk<\/span><\/div><\/a><\/div>\n<\/div>\n\n\n\n<div class=\"wp-block-column is-layout-flow wp-block-column-is-layout-flow\">\n<figure class=\"wp-block-image size-full\"><img loading=\"lazy\" decoding=\"async\" width=\"583\" height=\"441\" src=\"https:\/\/www.cocinasdiseno.com\/wp-content\/uploads\/2023\/11\/Reformaintegral2-1.jpg\" alt=\"\" class=\"wp-image-3323\" style=\"aspect-ratio:1.3333333333333333;object-fit:cover\" srcset=\"https:\/\/www.cocinasdiseno.com\/wp-content\/uploads\/2023\/11\/Reformaintegral2-1.jpg 583w, https:\/\/www.cocinasdiseno.com\/wp-content\/uploads\/2023\/11\/Reformaintegral2-1-300x227.jpg 300w\" sizes=\"auto, (max-width: 583px) 100vw, 583px\" \/><\/figure>\n\n\n\n<div class=\"button-wrap small-btn left button-link \"><div class=\"icon-wrap parallax-wrap\"><div class=\"button-icon parallax-element\"><i class=\"fa-solid fa-arrow-right\"><\/i><\/div><\/div><a target=\"_blank\" href=\"https:\/\/www.cocinasdiseno.com\/nl\/projecten\/volledige-renovatie\/\"><div class=\"button-text sticky left\"><span data-hover=\"Volledige renovatie\">Volledige renovatie<\/span><\/div><\/a><\/div>\n<\/div>\n<\/div>\n<\/div>\n\n\n\n<div class=\"wp-block-harington-gutenberg-container content-row light-section full row_padding_top row_padding_left row_padding_right change-header-color\" data-bgcolor=\"#eeeeee\" style=\"text-align:left\">\n<hr>\n\n\n\n<h2 class=\"wp-block-heading has-text-align-center\">Wij helpen je de keuken van je dromen te cre\u00ebren. We begeleiden je bij elke stap om je winkelervaring te vereenvoudigen.<\/h2>\n\n\n\n<hr><hr>\n\n\n\n<div class=\"wp-block-columns is-layout-flex wp-container-core-columns-is-layout-9d6595d7 wp-block-columns-is-layout-flex\">\n<div class=\"wp-block-column is-layout-flow wp-block-column-is-layout-flow\"><\/div>\n\n\n\n<div class=\"wp-block-column is-layout-flow wp-block-column-is-layout-flow\">\n<h5 class=\"wp-block-heading has-mask-fill\">Professioneel team<\/h5>\n\n\n\n<p class=\"has-animation\">We hebben een professioneel team dat zich bezighoudt met advies, ontwerp, levering en installatie van timmerwerk: keukens, badkamers, kasten, deuren, vloeren en decoratief timmerwerk.<br><br><\/p>\n\n\n\n<h5 class=\"wp-block-heading has-mask-fill\">Betrokken<\/h5>\n\n\n\n<p class=\"has-animation\">Dankzij onze toewijding aan onze klanten en het individuele advies dat we geven, kunnen we praktische en persoonlijke oplossingen bieden om ultramoderne ruimtes te cre\u00ebren.<\/p>\n<\/div>\n<\/div>\n\n\n\n<div class=\"wp-block-columns is-layout-flex wp-container-core-columns-is-layout-9d6595d7 wp-block-columns-is-layout-flex\">\n<div class=\"wp-block-column is-layout-flow wp-block-column-is-layout-flow\">\n<div class=\"button-wrap small-btn right button-link \"><div class=\"icon-wrap parallax-wrap\"><div class=\"button-icon parallax-element\"><i class=\"fa-solid fa-arrow-right\"><\/i><\/div><\/div><a target=\"_blank\" href=\"https:\/\/www.cocinasdiseno.com\/nl\/leer-ons-kennen\"><div class=\"button-text sticky right\"><span data-hover=\"Leer ons kennen\">Leer ons kennen<\/span><\/div><\/a><\/div>\n<\/div>\n\n\n\n<div class=\"wp-block-column is-layout-flow wp-block-column-is-layout-flow\"><\/div>\n<\/div>\n\n\n\n<hr>\n<\/div>\n\n\n\n<div class=\"wp-block-harington-gutenberg-container content-row dark-section full\" data-bgcolor=\"#eeeeee\" style=\"text-align:left\">\n<div class=\"wp-block-cover is-light\" style=\"min-height:70vh;aspect-ratio:unset;\"><span aria-hidden=\"true\" class=\"wp-block-cover__background has-background-dim-20 has-background-dim\"><\/span><img loading=\"lazy\" decoding=\"async\" width=\"1600\" height=\"1200\" class=\"wp-block-cover__image-background wp-image-3311\" alt=\"\" src=\"https:\/\/www.cocinasdiseno.com\/wp-content\/uploads\/2023\/11\/cover_home2.jpg\" data-object-fit=\"cover\" srcset=\"https:\/\/www.cocinasdiseno.com\/wp-content\/uploads\/2023\/11\/cover_home2.jpg 1600w, https:\/\/www.cocinasdiseno.com\/wp-content\/uploads\/2023\/11\/cover_home2-300x225.jpg 300w, https:\/\/www.cocinasdiseno.com\/wp-content\/uploads\/2023\/11\/cover_home2-1024x768.jpg 1024w, https:\/\/www.cocinasdiseno.com\/wp-content\/uploads\/2023\/11\/cover_home2-768x576.jpg 768w, https:\/\/www.cocinasdiseno.com\/wp-content\/uploads\/2023\/11\/cover_home2-1536x1152.jpg 1536w\" sizes=\"auto, (max-width: 1600px) 100vw, 1600px\" \/><div class=\"wp-block-cover__inner-container is-layout-constrained wp-block-cover-is-layout-constrained\">\n<p class=\"has-text-align-center has-white-color has-text-color\" style=\"font-size:16px\">Wij bouwen huizen<\/p>\n\n\n\n<div class=\"button-wrap large-btn left button-link \"><div class=\"icon-wrap parallax-wrap\"><div class=\"button-icon parallax-element\"><i class=\"fa-solid fa-arrow-right\"><\/i><\/div><\/div><a target=\"_self\" href=\"https:\/\/www.cocinasdiseno.com\/nl\/projecten\/\"><div class=\"button-text sticky left\"><span data-hover=\"PROJECTEN BEKIJKEN\">PROJECTEN BEKIJKEN<\/span><\/div><\/a><\/div>\n<\/div><\/div>\n<\/div>\n\n\n\n<div class=\"wp-block-harington-gutenberg-container content-row light-section full row_padding_top row_padding_left row_padding_right change-header-color\" data-bgcolor=\"#eeeeee\" style=\"text-align:left\">\n<hr>\n\n\n\n<h1 class=\"wp-block-heading has-text-align-center\">Keukens op maat in Altea, Albir, Alfaz en Benidorm<\/h1>\n\n\n\n<hr><hr>\n\n\n\n<div class=\"wp-block-columns is-layout-flex wp-container-core-columns-is-layout-9d6595d7 wp-block-columns-is-layout-flex\">\n<div class=\"wp-block-column is-layout-flow wp-block-column-is-layout-flow\">\n<p>Je hebt de perfecte keuken in gedachten, die ruimte waar functionaliteit wordt gecombineerd met esthetiek en die jouw persoonlijke stijl weerspiegelt. In <strong>Altea<\/strong>, <strong>Albir <\/strong>en <strong>Benidorm <\/strong>kun je je dromen over een <strong>keuken op maat<\/strong> laten uitkomen. Ons team van experts is gespecialiseerd in het cre\u00ebren van op maat gemaakte keukens die aan je behoeften voldoen en je verwachtingen overtreffen.<\/p>\n\n\n\n<p>Bij elk project dat we uitvoeren, leggen we de nadruk op het vastleggen van de essentie van je visie en vertalen we die naar een uniek en exclusief ontwerp. We begrijpen dat de keuken het hart van je huis is, een plek waar speciale momenten worden gekookt en onvergetelijke ervaringen worden gedeeld. Daarom streven we ernaar om ruimtes te cre\u00ebren die zowel functioneel als esthetisch aantrekkelijk zijn.<\/p>\n\n\n\n<p>Ons interieurontwerpproces begint met<strong> professioneel, persoonlijk advies<\/strong>. We ontmoeten je om je specifieke smaak, behoeften en vereisten te begrijpen. Van daaruit gaan onze deskundige ontwerpers aan de slag om de ruimte en de indeling te optimaliseren, waarbij ze elk hoekje en gaatje optimaal benutten om je een effici\u00ebnte en comfortabele keuken te bieden.<\/p>\n\n\n\n<p>We weten dat details het verschil maken. Daarom bieden we je een ruime keuze aan hoogwaardige materialen en afwerkingen, zodat je elk aspect van je keuken kunt personaliseren. Van werkbladen en kasten tot kranen en accessoires, wij begeleiden je bij het kiezen van de elementen die het beste bij jouw stijl en voorkeuren passen.<\/p>\n<\/div>\n\n\n\n<div class=\"wp-block-column is-layout-flow wp-block-column-is-layout-flow\">\n<p>Zodra we het perfecte ontwerp hebben gedefinieerd, zal ons team van professionals het tot werkelijkheid brengen. In elke fase van de bouw werken we met precisie en aandacht voor detail, zodat we een eindresultaat garanderen dat je verwachtingen overtreft. Kwaliteit en duurzaamheid staan bij ons hoog in het vaandel en daarom zorgen we ervoor dat we de beste materialen en installatietechnieken gebruiken.<\/p>\n\n\n\n<p>Onze toewijding gaat verder dan het leveren van een uitzonderlijk ontwerp en een onberispelijke constructie. We zijn er trots op dat we onze klanten in Altea, Albir en Benidorm een uitgebreide service kunnen bieden. We zetten ons in voor jouw tevredenheid en streven ernaar om je verwachtingen bij elke stap te overtreffen. We co\u00f6rdineren alle aspecten van het project, van het eerste ontwerp tot de uiteindelijke levering, zodat je zorgeloos van je nieuwe keuken kunt genieten.<\/p>\n\n\n\n<p>Als je klaar bent om je keuken om te toveren tot een unieke ruimte op maat, aarzel dan niet om contact met ons op te nemen. We zijn er om je te helpen je dromen over een keuken op maat te verwezenlijken in Altea, Albir en Benidorm. Laat ons onze expertise en passie voor interieurdesign tonen en jouw droomkeuken cre\u00ebren die jouw stijl weerspiegelt en je levenskwaliteit verbetert.<\/p>\n\n\n\n<p class=\"has-animation\"><br><br><\/p>\n<\/div>\n<\/div>\n\n\n\n<div class=\"wp-block-columns is-layout-flex wp-container-core-columns-is-layout-9d6595d7 wp-block-columns-is-layout-flex\">\n<div class=\"wp-block-column is-layout-flow wp-block-column-is-layout-flow\">\n<div class=\"button-wrap small-btn right button-link \"><div class=\"icon-wrap parallax-wrap\"><div class=\"button-icon parallax-element\"><i class=\"fa-solid fa-arrow-right\"><\/i><\/div><\/div><a target=\"_blank\" href=\"https:\/\/www.cocinasdiseno.com\/nl\/contact\"><div class=\"button-text sticky right\"><span data-hover=\"Een offerte aanvragen\">Een offerte aanvragen<\/span><\/div><\/a><\/div>\n<\/div>\n\n\n\n<div class=\"wp-block-column is-layout-flow wp-block-column-is-layout-flow\"><\/div>\n<\/div>\n\n\n\n<hr>\n<\/div>\n","protected":false},"excerpt":{"rendered":"","protected":false},"author":1,"featured_media":0,"parent":0,"menu_order":0,"comment_status":"closed","ping_status":"closed","template":"page-home.php","meta":{"_joinchat":[],"footnotes":""},"class_list":["post-4842","page","type-page","status-publish","hentry"],"_links":{"self":[{"href":"https:\/\/www.cocinasdiseno.com\/nl\/wp-json\/wp\/v2\/pages\/4842","targetHints":{"allow":["GET"]}}],"collection":[{"href":"https:\/\/www.cocinasdiseno.com\/nl\/wp-json\/wp\/v2\/pages"}],"about":[{"href":"https:\/\/www.cocinasdiseno.com\/nl\/wp-json\/wp\/v2\/types\/page"}],"author":[{"embeddable":true,"href":"https:\/\/www.cocinasdiseno.com\/nl\/wp-json\/wp\/v2\/users\/1"}],"replies":[{"embeddable":true,"href":"https:\/\/www.cocinasdiseno.com\/nl\/wp-json\/wp\/v2\/comments?post=4842"}],"version-history":[{"count":4,"href":"https:\/\/www.cocinasdiseno.com\/nl\/wp-json\/wp\/v2\/pages\/4842\/revisions"}],"predecessor-version":[{"id":4985,"href":"https:\/\/www.cocinasdiseno.com\/nl\/wp-json\/wp\/v2\/pages\/4842\/revisions\/4985"}],"wp:attachment":[{"href":"https:\/\/www.cocinasdiseno.com\/nl\/wp-json\/wp\/v2\/media?parent=4842"}],"curies":[{"name":"wp","href":"https:\/\/api.w.org\/{rel}","templated":true}]}}